{"id":24,"date":"2022-01-17T14:38:29","date_gmt":"2022-01-17T19:38:29","guid":{"rendered":"https:\/\/www.argentmaintenant.com\/blogue\/?page_id=24"},"modified":"2023-09-27T14:31:39","modified_gmt":"2023-09-27T18:31:39","slug":"blogue","status":"publish","type":"page","link":"https:\/\/www.argentmaintenant.com\/blogue\/","title":{"rendered":"Blogue"},"content":{"rendered":"<div class=\"wpb-content-wrapper\"><p>[vc_row row_height_percent=\u00a0\u00bb0&Prime; override_padding=\u00a0\u00bbyes\u00a0\u00bb h_padding=\u00a0\u00bb2&Prime; top_padding=\u00a0\u00bb2&Prime; bottom_padding=\u00a0\u00bb3&Prime; overlay_alpha=\u00a0\u00bb50&Prime; gutter_size=\u00a0\u00bb2&Prime; column_width_percent=\u00a0\u00bb100&Prime; shift_y=\u00a0\u00bb0&Prime; z_index=\u00a0\u00bb0&Prime; uncode_shortcode_id=\u00a0\u00bb187536&Prime;][vc_column column_width_percent=\u00a0\u00bb100&Prime; gutter_size=\u00a0\u00bb3&Prime; overlay_alpha=\u00a0\u00bb50&Prime; shift_x=\u00a0\u00bb0&Prime; shift_y=\u00a0\u00bb0&Prime; shift_y_down=\u00a0\u00bb0&Prime; z_index=\u00a0\u00bb0&Prime; medium_width=\u00a0\u00bb0&Prime; mobile_width=\u00a0\u00bb0&Prime; width=\u00a0\u00bb1\/1&Prime; uncode_shortcode_id=\u00a0\u00bb374381&Prime;][uncode_index el_id=\u00a0\u00bbindex-472389981&Prime; isotope_mode=\u00a0\u00bbfitRows\u00a0\u00bb loop=\u00a0\u00bbsize:12|order_by:date|post_type:post|taxonomy_count:10&Prime; auto_query=\u00a0\u00bbyes\u00a0\u00bb pagination=\u00a0\u00bbyes\u00a0\u00bb gutter_size=\u00a0\u00bb2&Prime; post_items=\u00a0\u00bbmedia|featured|onpost|poster,date,title,text|excerpt,category|colorbg|topright|display-icon\u00a0\u00bb screen_lg=\u00a0\u00bb\u00a0\u00bb screen_md=\u00a0\u00bb600&Prime; screen_sm=\u00a0\u00bb480&Prime; images_size=\u00a0\u00bbthree-two\u00a0\u00bb single_back_color=\u00a0\u00bbcolor-xsdn\u00a0\u00bb single_shape=\u00a0\u00bbround\u00a0\u00bb radius=\u00a0\u00bbxl\u00a0\u00bb single_overlay_color=\u00a0\u00bbcolor-780810&Prime; single_overlay_opacity=\u00a0\u00bb1&Prime; single_text_visible=\u00a0\u00bbyes\u00a0\u00bb single_text_anim=\u00a0\u00bbno\u00a0\u00bb single_padding=\u00a0\u00bb2&Prime; single_title_dimension=\u00a0\u00bbh5&Prime; single_shadow=\u00a0\u00bbyes\u00a0\u00bb single_border=\u00a0\u00bbyes\u00a0\u00bb uncode_shortcode_id=\u00a0\u00bb990796&Prime;][\/vc_column][\/vc_row]<\/p>\n<\/div>","protected":false},"excerpt":{"rendered":"<p>[vc_row row_height_percent=\u00a0\u00bb0&Prime; override_padding=\u00a0\u00bbyes\u00a0\u00bb h_padding=\u00a0\u00bb2&Prime; top_padding=\u00a0\u00bb2&Prime; bottom_padding=\u00a0\u00bb3&Prime; overlay_alpha=\u00a0\u00bb50&Prime; gutter_size=\u00a0\u00bb2&Prime; column_width_percent=\u00a0\u00bb100&Prime; shift_y=\u00a0\u00bb0&Prime; z_index=\u00a0\u00bb0&Prime; uncode_shortcode_id=\u00a0\u00bb187536&Prime;][vc_column column_width_percent=\u00a0\u00bb100&Prime; gutter_size=\u00a0\u00bb3&Prime; overlay_alpha=\u00a0\u00bb50&Prime; shift_x=\u00a0\u00bb0&Prime; shift_y=\u00a0\u00bb0&Prime; shift_y_down=\u00a0\u00bb0&Prime; z_index=\u00a0\u00bb0&Prime; medium_width=\u00a0\u00bb0&Prime; [&hellip;]<\/p>\n","protected":false},"author":1,"featured_media":0,"parent":0,"menu_order":0,"comment_status":"closed","ping_status":"closed","template":"","meta":{"footnotes":""},"class_list":["post-24","page","type-page","status-publish","hentry"],"yoast_head":"<!-- This site is optimized with the Yoast SEO plugin v26.5 - https:\/\/yoast.com\/wordpress\/plugins\/seo\/ -->\n<title>Blogue - Argent Maintenant \u2014 Micropr\u00eat rapide en ligne<\/title>\n<meta name=\"description\" content=\"Endossement pour un micropr\u00eat en 24 h, peu importe votre cr\u00e9dit. Service de garant qui vous aide \u00e0 obtenir un pr\u00eat facilement et rapidement.\" \/>\n<meta name=\"robots\" content=\"index, follow, max-snippet:-1, max-image-preview:large, max-video-preview:-1\" \/>\n<link rel=\"canonical\" href=\"https:\/\/www.argentmaintenant.com\/blogue\/\" \/>\n<meta property=\"og:locale\" content=\"fr_FR\" \/>\n<meta property=\"og:type\" content=\"article\" \/>\n<meta property=\"og:title\" content=\"Blogue - Argent Maintenant \u2014 Micropr\u00eat rapide en ligne\" \/>\n<meta property=\"og:description\" content=\"Endossement pour un micropr\u00eat en 24 h, peu importe votre cr\u00e9dit. Service de garant qui vous aide \u00e0 obtenir un pr\u00eat facilement et rapidement.\" \/>\n<meta property=\"og:url\" content=\"https:\/\/www.argentmaintenant.com\/blogue\/\" \/>\n<meta property=\"og:site_name\" content=\"Argent Maintenant \u2014 Micropr\u00eat rapide en ligne\" \/>\n<meta property=\"article:modified_time\" content=\"2023-09-27T18:31:39+00:00\" \/>\n<meta property=\"og:image\" content=\"https:\/\/www.argentmaintenant.com\/blogue\/wp-content\/uploads\/2022\/01\/social-image.png\" \/>\n\t<meta property=\"og:image:width\" content=\"1200\" \/>\n\t<meta property=\"og:image:height\" content=\"630\" \/>\n\t<meta property=\"og:image:type\" content=\"image\/png\" \/>\n<meta name=\"twitter:card\" content=\"summary_large_image\" \/>\n<meta name=\"twitter:label1\" content=\"Dur\u00e9e de lecture estim\u00e9e\" \/>\n\t<meta name=\"twitter:data1\" content=\"1 minute\" \/>\n<script type=\"application\/ld+json\" class=\"yoast-schema-graph\">{\"@context\":\"https:\/\/schema.org\",\"@graph\":[{\"@type\":\"WebPage\",\"@id\":\"https:\/\/www.argentmaintenant.com\/blogue\/\",\"url\":\"https:\/\/www.argentmaintenant.com\/blogue\/\",\"name\":\"Blogue - Argent Maintenant \u2014 Micropr\u00eat rapide en ligne\",\"isPartOf\":{\"@id\":\"https:\/\/www.argentmaintenant.com\/blogue\/#website\"},\"datePublished\":\"2022-01-17T19:38:29+00:00\",\"dateModified\":\"2023-09-27T18:31:39+00:00\",\"description\":\"Endossement pour un micropr\u00eat en 24 h, peu importe votre cr\u00e9dit. Service de garant qui vous aide \u00e0 obtenir un pr\u00eat facilement et rapidement.\",\"breadcrumb\":{\"@id\":\"https:\/\/www.argentmaintenant.com\/blogue\/#breadcrumb\"},\"inLanguage\":\"fr-FR\",\"potentialAction\":[{\"@type\":\"ReadAction\",\"target\":[\"https:\/\/www.argentmaintenant.com\/blogue\/\"]}]},{\"@type\":\"BreadcrumbList\",\"@id\":\"https:\/\/www.argentmaintenant.com\/blogue\/#breadcrumb\",\"itemListElement\":[{\"@type\":\"ListItem\",\"position\":1,\"name\":\"Accueil\",\"item\":\"https:\/\/www.argentmaintenant.com\/blogue\/\"},{\"@type\":\"ListItem\",\"position\":2,\"name\":\"Blogue\"}]},{\"@type\":\"WebSite\",\"@id\":\"https:\/\/www.argentmaintenant.com\/blogue\/#website\",\"url\":\"https:\/\/www.argentmaintenant.com\/blogue\/\",\"name\":\"Argent Maintenant \u2014 Micropr\u00eat rapide en ligne\",\"description\":\"Endossement pour un micropr\u00eat en 24 h, peu importe votre cr\u00e9dit. Service de garant qui vous aide \u00e0 obtenir un pr\u00eat facilement et rapidement.\",\"potentialAction\":[{\"@type\":\"SearchAction\",\"target\":{\"@type\":\"EntryPoint\",\"urlTemplate\":\"https:\/\/www.argentmaintenant.com\/blogue\/?s={search_term_string}\"},\"query-input\":{\"@type\":\"PropertyValueSpecification\",\"valueRequired\":true,\"valueName\":\"search_term_string\"}}],\"inLanguage\":\"fr-FR\"}]}<\/script>\n<!-- \/ Yoast SEO plugin. -->","yoast_head_json":{"title":"Blogue - Argent Maintenant \u2014 Micropr\u00eat rapide en ligne","description":"Endossement pour un micropr\u00eat en 24 h, peu importe votre cr\u00e9dit. Service de garant qui vous aide \u00e0 obtenir un pr\u00eat facilement et rapidement.","robots":{"index":"index","follow":"follow","max-snippet":"max-snippet:-1","max-image-preview":"max-image-preview:large","max-video-preview":"max-video-preview:-1"},"canonical":"https:\/\/www.argentmaintenant.com\/blogue\/","og_locale":"fr_FR","og_type":"article","og_title":"Blogue - Argent Maintenant \u2014 Micropr\u00eat rapide en ligne","og_description":"Endossement pour un micropr\u00eat en 24 h, peu importe votre cr\u00e9dit. Service de garant qui vous aide \u00e0 obtenir un pr\u00eat facilement et rapidement.","og_url":"https:\/\/www.argentmaintenant.com\/blogue\/","og_site_name":"Argent Maintenant \u2014 Micropr\u00eat rapide en ligne","article_modified_time":"2023-09-27T18:31:39+00:00","og_image":[{"width":1200,"height":630,"url":"https:\/\/www.argentmaintenant.com\/blogue\/wp-content\/uploads\/2022\/01\/social-image.png","type":"image\/png"}],"twitter_card":"summary_large_image","twitter_misc":{"Dur\u00e9e de lecture estim\u00e9e":"1 minute"},"schema":{"@context":"https:\/\/schema.org","@graph":[{"@type":"WebPage","@id":"https:\/\/www.argentmaintenant.com\/blogue\/","url":"https:\/\/www.argentmaintenant.com\/blogue\/","name":"Blogue - Argent Maintenant \u2014 Micropr\u00eat rapide en ligne","isPartOf":{"@id":"https:\/\/www.argentmaintenant.com\/blogue\/#website"},"datePublished":"2022-01-17T19:38:29+00:00","dateModified":"2023-09-27T18:31:39+00:00","description":"Endossement pour un micropr\u00eat en 24 h, peu importe votre cr\u00e9dit. Service de garant qui vous aide \u00e0 obtenir un pr\u00eat facilement et rapidement.","breadcrumb":{"@id":"https:\/\/www.argentmaintenant.com\/blogue\/#breadcrumb"},"inLanguage":"fr-FR","potentialAction":[{"@type":"ReadAction","target":["https:\/\/www.argentmaintenant.com\/blogue\/"]}]},{"@type":"BreadcrumbList","@id":"https:\/\/www.argentmaintenant.com\/blogue\/#breadcrumb","itemListElement":[{"@type":"ListItem","position":1,"name":"Accueil","item":"https:\/\/www.argentmaintenant.com\/blogue\/"},{"@type":"ListItem","position":2,"name":"Blogue"}]},{"@type":"WebSite","@id":"https:\/\/www.argentmaintenant.com\/blogue\/#website","url":"https:\/\/www.argentmaintenant.com\/blogue\/","name":"Argent Maintenant \u2014 Micropr\u00eat rapide en ligne","description":"Endossement pour un micropr\u00eat en 24 h, peu importe votre cr\u00e9dit. Service de garant qui vous aide \u00e0 obtenir un pr\u00eat facilement et rapidement.","potentialAction":[{"@type":"SearchAction","target":{"@type":"EntryPoint","urlTemplate":"https:\/\/www.argentmaintenant.com\/blogue\/?s={search_term_string}"},"query-input":{"@type":"PropertyValueSpecification","valueRequired":true,"valueName":"search_term_string"}}],"inLanguage":"fr-FR"}]}},"_links":{"self":[{"href":"https:\/\/www.argentmaintenant.com\/blogue\/wp-json\/wp\/v2\/pages\/24","targetHints":{"allow":["GET"]}}],"collection":[{"href":"https:\/\/www.argentmaintenant.com\/blogue\/wp-json\/wp\/v2\/pages"}],"about":[{"href":"https:\/\/www.argentmaintenant.com\/blogue\/wp-json\/wp\/v2\/types\/page"}],"author":[{"embeddable":true,"href":"https:\/\/www.argentmaintenant.com\/blogue\/wp-json\/wp\/v2\/users\/1"}],"replies":[{"embeddable":true,"href":"https:\/\/www.argentmaintenant.com\/blogue\/wp-json\/wp\/v2\/comments?post=24"}],"version-history":[{"count":25,"href":"https:\/\/www.argentmaintenant.com\/blogue\/wp-json\/wp\/v2\/pages\/24\/revisions"}],"predecessor-version":[{"id":855,"href":"https:\/\/www.argentmaintenant.com\/blogue\/wp-json\/wp\/v2\/pages\/24\/revisions\/855"}],"wp:attachment":[{"href":"https:\/\/www.argentmaintenant.com\/blogue\/wp-json\/wp\/v2\/media?parent=24"}],"curies":[{"name":"wp","href":"https:\/\/api.w.org\/{rel}","templated":true}]}}